{"id":221,"date":"2026-04-12T11:05:50","date_gmt":"2026-04-12T08:05:50","guid":{"rendered":"https:\/\/flightverse.lv\/?page_id=221"},"modified":"2026-05-08T07:22:44","modified_gmt":"2026-05-08T04:22:44","slug":"elementor-221","status":"publish","type":"page","link":"https:\/\/flightverse.lv\/ru\/","title":{"rendered":"Landing"},"content":{"rendered":"<div data-elementor-type=\"wp-page\" data-elementor-id=\"221\" class=\"elementor elementor-221\" data-elementor-post-type=\"page\">\n\t\t\t\t<div class=\"elementor-element elementor-element-03146cc e-con-full e-flex e-con e-parent\" data-id=\"03146cc\" data-element_type=\"container\" data-e-type=\"container\" data-settings=\"{&quot;background_background&quot;:&quot;classic&quot;,&quot;position&quot;:&quot;fixed&quot;}\">\n\t\t\t\t<div class=\"elementor-element elementor-element-76bb482 elementor-widget__width-initial elementor-fixed elementor-widget elementor-widget-heading\" data-id=\"76bb482\" data-element_type=\"widget\" data-e-type=\"widget\" data-settings=\"{&quot;_position&quot;:&quot;fixed&quot;}\" data-widget_type=\"heading.default\">\n\t\t\t\t\t<h1 class=\"elementor-heading-title elementor-size-default\">\u041f\u0443\u0442\u044c \u043a\u043b\u0438\u0435\u043d\u0442\u0430 \u043a \u0412\u0430\u043c \u043d\u0430\u0447\u0438\u043d\u0430\u0435\u0442\u0441\u044f \u0441 SEO.<\/h1>\t\t\t\t<\/div>\n\t\t\t\t<div class=\"elementor-element elementor-element-f4bd1eb elementor-widget__width-initial elementor-fixed elementor-widget-mobile__width-initial elementor-widget elementor-widget-text-editor\" data-id=\"f4bd1eb\" data-element_type=\"widget\" data-e-type=\"widget\" data-settings=\"{&quot;_position&quot;:&quot;fixed&quot;}\" data-widget_type=\"text-editor.default\">\n\t\t\t\t\t\t\t\t\t<p>\u041d\u0438\u043a\u0430\u043a\u0438\u0445 \u0434\u043e\u0433\u0430\u0434\u043e\u043a.<\/p><p>\u041f\u0440\u043e\u0441\u0442\u043e \u0441\u0438\u0441\u0442\u0435\u043c\u0430, \u043a\u043e\u0442\u043e\u0440\u0430\u044f \u0440\u0430\u0431\u043e\u0442\u0430\u0435\u0442.<\/p>\t\t\t\t\t\t\t\t<\/div>\n\t\t\t\t<div class=\"elementor-element elementor-element-9e7dce4 elementor-fixed elementor-widget elementor-widget-text-editor\" data-id=\"9e7dce4\" data-element_type=\"widget\" data-e-type=\"widget\" data-settings=\"{&quot;_position&quot;:&quot;fixed&quot;}\" data-widget_type=\"text-editor.default\">\n\t\t\t\t\t\t\t\t\t<p>\u041d\u0438\u043a\u0430\u043a\u0438\u0445 \u0440\u0435\u043a\u043b\u0430\u043c\u043d\u044b\u0445 \u0441\u0431\u043e\u0440\u043e\u0432. \u041f\u0440\u043e\u0441\u0442\u043e \u0440\u0430\u0431\u043e\u0442\u0430\u044e\u0449\u0430\u044f \u0441\u0442\u0440\u0430\u0442\u0435\u0433\u0438\u044f.<\/p><p>\u00ab\u0412\u0438\u0434\u0438\u043c\u043e\u0441\u0442\u044c. \u041f\u043e\u0442\u043e\u043a \u043f\u043e\u0441\u0435\u0442\u0438\u0442\u0435\u043b\u0435\u0439, \u041a\u043b\u0438\u0435\u043d\u0442\u044b\u2026\u00bb<\/p>\t\t\t\t\t\t\t\t<\/div>\n\t\t\t\t<div class=\"elementor-element elementor-element-58aeab7 elementor-widget__width-initial animated-slow elementor-fixed elementor-invisible elementor-widget elementor-widget-image\" data-id=\"58aeab7\" data-element_type=\"widget\" data-e-type=\"widget\" data-settings=\"{&quot;_animation&quot;:&quot;fadeIn&quot;,&quot;_animation_delay&quot;:500,&quot;_position&quot;:&quot;fixed&quot;}\" data-widget_type=\"image.default\">\n\t\t\t\t\t\t\t\t\t\t\t\t\t\t\t\t<a href=\"https:\/\/flightverse.lv\/ru\/seo-celojums\/\">\n\t\t\t\t\t\t\t<img fetchpriority=\"high\" decoding=\"async\" width=\"1536\" height=\"1024\" src=\"https:\/\/flightverse.lv\/wp-content\/uploads\/2026\/04\/Sakt_celojumu.png\" class=\"elementor-animation-grow attachment-full size-full wp-image-505\" alt=\"Sakt celojumu\" srcset=\"https:\/\/flightverse.lv\/wp-content\/uploads\/2026\/04\/Sakt_celojumu.png 1536w, https:\/\/flightverse.lv\/wp-content\/uploads\/2026\/04\/Sakt_celojumu-300x200.png 300w, https:\/\/flightverse.lv\/wp-content\/uploads\/2026\/04\/Sakt_celojumu-1024x683.png 1024w, https:\/\/flightverse.lv\/wp-content\/uploads\/2026\/04\/Sakt_celojumu-768x512.png 768w\" sizes=\"(max-width: 1536px) 100vw, 1536px\" \/>\t\t\t\t\t\t\t\t<\/a>\n\t\t\t\t\t\t\t\t\t\t\t\t\t\t\t<\/div>\n\t\t<div class=\"elementor-element elementor-element-5d0bff5 e-flex e-con-boxed e-con e-child\" data-id=\"5d0bff5\" data-element_type=\"container\" data-e-type=\"container\" data-settings=\"{&quot;position&quot;:&quot;fixed&quot;}\">\n\t\t\t\t\t<div class=\"e-con-inner\">\n\t\t\t\t<div class=\"elementor-element elementor-element-7561a75 elementor-skin-coverflow elementor-widget__width-initial animated-slow elementor-fixed elementor-widget-tablet__width-initial elementor-arrows-yes elementor-pagination-type-bullets elementor-pagination-position-outside elementor-invisible elementor-widget elementor-widget-media-carousel\" data-id=\"7561a75\" data-element_type=\"widget\" data-e-type=\"widget\" data-settings=\"{&quot;skin&quot;:&quot;coverflow&quot;,&quot;slides_per_view&quot;:&quot;3&quot;,&quot;space_between&quot;:{&quot;unit&quot;:&quot;px&quot;,&quot;size&quot;:0,&quot;sizes&quot;:[]},&quot;_animation&quot;:&quot;fadeIn&quot;,&quot;_animation_delay&quot;:500,&quot;_position&quot;:&quot;fixed&quot;,&quot;slides_per_view_mobile&quot;:&quot;3&quot;,&quot;slides_to_scroll_mobile&quot;:&quot;3&quot;,&quot;slides_per_view_tablet&quot;:&quot;3&quot;,&quot;slides_to_scroll_tablet&quot;:&quot;1&quot;,&quot;slides_to_scroll&quot;:&quot;1&quot;,&quot;show_arrows&quot;:&quot;yes&quot;,&quot;pagination&quot;:&quot;bullets&quot;,&quot;speed&quot;:500,&quot;loop&quot;:&quot;yes&quot;,&quot;space_between_tablet&quot;:{&quot;unit&quot;:&quot;px&quot;,&quot;size&quot;:10,&quot;sizes&quot;:[]},&quot;space_between_mobile&quot;:{&quot;unit&quot;:&quot;px&quot;,&quot;size&quot;:10,&quot;sizes&quot;:[]}}\" data-widget_type=\"media-carousel.default\">\n\t\t\t\t\t\t\t\t\t\t<div class=\"elementor-main-swiper swiper\" role=\"region\" aria-roledescription=\"carousel\" aria-label=\"Menu\">\n\t\t\t\t<div class=\"swiper-wrapper\">\n\t\t\t\t\t\t\t\t\t\t\t<div class=\"swiper-slide\" role=\"group\" aria-roledescription=\"slide\">\n\t\t\t\t\t\t\t<a href=\"https:\/\/flightverse.lv\/ru\/seo-celojums\/\">\t\t<div class=\"elementor-carousel-image\" role=\"img\" aria-label=\"SEO Audits\" style=\"background-image: url(&#039;https:\/\/flightverse.lv\/wp-content\/uploads\/2026\/04\/compas-carousel.webp&#039;)\">\n\n\t\t\t\n\t\t\t\t\t<\/div>\n\t\t\t\t\t<div class=\"elementor-carousel-image-overlay e-overlay-animation-zoom-in\">\n\t\t\t\t\u0410\u043d\u0430\u043b\u0438\u0437 \u0441\u0438\u0441\u0442\u0435\u043c\u044b\t\t\t<\/div>\n\t\t\t<\/a>\t\t\t\t\t\t<\/div>\n\t\t\t\t\t\t\t\t\t\t\t<div class=\"swiper-slide\" role=\"group\" aria-roledescription=\"slide\">\n\t\t\t\t\t\t\t<a href=\"https:\/\/flightverse.lv\/ru\/\">\t\t<div class=\"elementor-carousel-image\" role=\"img\" aria-label=\"Landing\" style=\"background-image: url(&#039;https:\/\/flightverse.lv\/wp-content\/uploads\/2026\/04\/landing_optimized.webp&#039;)\">\n\n\t\t\t\n\t\t\t\t\t<\/div>\n\t\t\t\t\t<div class=\"elementor-carousel-image-overlay e-overlay-animation-zoom-in\">\n\t\t\t\t\u0412 \u043d\u0430\u0447\u0430\u043b\u043e\t\t\t<\/div>\n\t\t\t<\/a>\t\t\t\t\t\t<\/div>\n\t\t\t\t\t\t\t\t\t\t\t<div class=\"swiper-slide\" role=\"group\" aria-roledescription=\"slide\">\n\t\t\t\t\t\t\t<a href=\"https:\/\/flightverse.lv\/ru\/sistemas-jauda-skaitlos\/\">\t\t<div class=\"elementor-carousel-image\" role=\"img\" aria-label=\"Lidojum SEO Visum\u0101\" style=\"background-image: url(&#039;https:\/\/flightverse.lv\/wp-content\/uploads\/2026\/04\/karusel-earth.webp&#039;)\">\n\n\t\t\t\n\t\t\t\t\t<\/div>\n\t\t\t\t\t<div class=\"elementor-carousel-image-overlay e-overlay-animation-zoom-in\">\n\t\t\t\t\u0420\u0435\u0430\u043b\u044c\u043d\u044b\u0435 \u0440\u0435\u0437\u0443\u043b\u044c\u0442\u0430\u0442\u044b\t\t\t<\/div>\n\t\t\t<\/a>\t\t\t\t\t\t<\/div>\n\t\t\t\t\t\t\t\t\t\t\t<div class=\"swiper-slide\" role=\"group\" aria-roledescription=\"slide\">\n\t\t\t\t\t\t\t<a href=\"https:\/\/flightverse.lv\/ru\/portfolio\/\">\t\t<div class=\"elementor-carousel-image\" role=\"img\" aria-label=\"About Me\" style=\"background-image: url(&#039;https:\/\/flightverse.lv\/wp-content\/uploads\/2026\/04\/portfilio_carousel.webp&#039;)\">\n\n\t\t\t\n\t\t\t\t\t<\/div>\n\t\t\t\t\t<div class=\"elementor-carousel-image-overlay e-overlay-animation-zoom-in\">\n\t\t\t\t\u041f\u0440\u043e \u043c\u0435\u043d\u044f\t\t\t<\/div>\n\t\t\t<\/a>\t\t\t\t\t\t<\/div>\n\t\t\t\t\t\t\t\t\t\t\t<div class=\"swiper-slide\" role=\"group\" aria-roledescription=\"slide\">\n\t\t\t\t\t\t\t<a href=\"https:\/\/flightverse.lv\/ru\/fix-my-business-sh\/\">\t\t<div class=\"elementor-carousel-image\" role=\"img\" aria-label=\"Optimiz\u0101cijas pieteikums\" style=\"background-image: url(&#039;https:\/\/flightverse.lv\/wp-content\/uploads\/2026\/04\/seo-carousel-final.webp&#039;)\">\n\n\t\t\t\n\t\t\t\t\t<\/div>\n\t\t\t\t\t<div class=\"elementor-carousel-image-overlay e-overlay-animation-zoom-in\">\n\t\t\t\t\u041d\u0430\u0447\u0430\u043b\u043e \u043e\u043f\u0442\u0438\u043c\u0438\u0437\u0430\u0446\u0438\u0438\t\t\t<\/div>\n\t\t\t<\/a>\t\t\t\t\t\t<\/div>\n\t\t\t\t\t\t\t\t\t<\/div>\n\t\t\t\t\t\t\t\t\t\t\t\t\t\t\t<div class=\"elementor-swiper-button elementor-swiper-button-prev\" role=\"button\" tabindex=\"0\" aria-label=\"\u041f\u0440\u0435\u0434\u044b\u0434\u0443\u0449\u0430\u044f\">\n\t\t\t\t\t\t\t<svg aria-hidden=\"true\" class=\"e-font-icon-svg e-eicon-chevron-left\" viewbox=\"0 0 1000 1000\" xmlns=\"http:\/\/www.w3.org\/2000\/svg\"><path d=\"M646 125C629 125 613 133 604 142L308 442C296 454 292 471 292 487 292 504 296 521 308 533L604 854C617 867 629 875 646 875 663 875 679 871 692 858 704 846 713 829 713 812 713 796 708 779 692 767L438 487 692 225C700 217 708 204 708 187 708 171 704 154 692 142 675 129 663 125 646 125Z\"><\/path><\/svg>\t\t\t\t\t\t<\/div>\n\t\t\t\t\t\t<div class=\"elementor-swiper-button elementor-swiper-button-next\" role=\"button\" tabindex=\"0\" aria-label=\"\u0421\u043b\u0435\u0434\u0443\u044e\u0449\u0430\u044f\">\n\t\t\t\t\t\t\t<svg aria-hidden=\"true\" class=\"e-font-icon-svg e-eicon-chevron-right\" viewbox=\"0 0 1000 1000\" xmlns=\"http:\/\/www.w3.org\/2000\/svg\"><path d=\"M696 533C708 521 713 504 713 487 713 471 708 454 696 446L400 146C388 133 375 125 354 125 338 125 325 129 313 142 300 154 292 171 292 187 292 204 296 221 308 233L563 492 304 771C292 783 288 800 288 817 288 833 296 850 308 863 321 871 338 875 354 875 371 875 388 867 400 854L696 533Z\"><\/path><\/svg>\t\t\t\t\t\t<\/div>\n\t\t\t\t\t\t\t\t\t\t\t\t\t\t\t\t<div class=\"swiper-pagination\"><\/div>\n\t\t\t\t\t\t\t\t\t\t\t\t<\/div>\n\t\t\t\t\t\t\t\t<\/div>\n\t\t\t\t\t<\/div>\n\t\t\t\t<\/div>\n\t\t\t\t<\/div>\n\t\t\t\t<\/div>","protected":false},"excerpt":{"rendered":"<p>Ce\u013c\u0161 uz Google virsotni, kas p\u0101rv\u0113r\u0161as klientos. Bez min\u0113jumiem. Tikai sist\u0113ma, kas str\u0101d\u0101. Bez rekl\u0101mas maksas. Tikai strat\u0113\u0123ija kura str\u0101d\u0101 \u201cRedzam\u012bba. Trafiks. Klienti&#8230;\u201d Padzi\u013cin\u0101ta Sist\u0113mas Anal\u012bze S\u0101kums Sist\u0113mas jauda skait\u013cos Par mani Optimiz\u0101cijas s\u0101kums<\/p>","protected":false},"author":1,"featured_media":0,"parent":0,"menu_order":0,"comment_status":"closed","ping_status":"closed","template":"","meta":{"footnotes":""},"class_list":["post-221","page","type-page","status-publish","hentry"],"_links":{"self":[{"href":"https:\/\/flightverse.lv\/ru\/wp-json\/wp\/v2\/pages\/221","targetHints":{"allow":["GET"]}}],"collection":[{"href":"https:\/\/flightverse.lv\/ru\/wp-json\/wp\/v2\/pages"}],"about":[{"href":"https:\/\/flightverse.lv\/ru\/wp-json\/wp\/v2\/types\/page"}],"author":[{"embeddable":true,"href":"https:\/\/flightverse.lv\/ru\/wp-json\/wp\/v2\/users\/1"}],"replies":[{"embeddable":true,"href":"https:\/\/flightverse.lv\/ru\/wp-json\/wp\/v2\/comments?post=221"}],"version-history":[{"count":1129,"href":"https:\/\/flightverse.lv\/ru\/wp-json\/wp\/v2\/pages\/221\/revisions"}],"predecessor-version":[{"id":2651,"href":"https:\/\/flightverse.lv\/ru\/wp-json\/wp\/v2\/pages\/221\/revisions\/2651"}],"wp:attachment":[{"href":"https:\/\/flightverse.lv\/ru\/wp-json\/wp\/v2\/media?parent=221"}],"curies":[{"name":"wp","href":"https:\/\/api.w.org\/{rel}","templated":true}]}}