{"id":1735,"date":"2026-04-20T19:33:17","date_gmt":"2026-04-20T16:33:17","guid":{"rendered":"https:\/\/flightverse.lv\/?page_id=1735"},"modified":"2026-05-01T11:30:23","modified_gmt":"2026-05-01T08:30:23","slug":"sistemas-jauda-skaitlos","status":"publish","type":"page","link":"https:\/\/flightverse.lv\/ru\/sistemas-jauda-skaitlos\/","title":{"rendered":"sistemas-jauda-skaitlos"},"content":{"rendered":"<div data-elementor-type=\"wp-page\" data-elementor-id=\"1735\" class=\"elementor elementor-1735\" data-elementor-post-type=\"page\">\n\t\t\t\t<div class=\"elementor-element elementor-element-eae84b9 e-con-full e-flex e-con e-parent\" data-id=\"eae84b9\" data-element_type=\"container\" data-e-type=\"container\" data-settings=\"{&quot;background_background&quot;:&quot;classic&quot;}\">\n\t\t\t\t<div class=\"elementor-element elementor-element-66a1000 elementor-widget__width-initial elementor-widget elementor-widget-heading\" data-id=\"66a1000\" data-element_type=\"widget\" data-e-type=\"widget\" data-widget_type=\"heading.default\">\n\t\t\t\t\t<h1 class=\"elementor-heading-title elementor-size-default\">\u041d\u0435 \u043f\u0443\u0441\u0442\u044b\u0435 \u043e\u0431\u0435\u0449\u0430\u043d\u0438\u044f, \u0430 \u0440\u0435\u0437\u0443\u043b\u044c\u0442\u0430\u0442\u044b<\/h1>\t\t\t\t<\/div>\n\t\t\t\t<div class=\"elementor-element elementor-element-6bb3e9e elementor-widget elementor-widget-text-editor\" data-id=\"6bb3e9e\" data-element_type=\"widget\" data-e-type=\"widget\" data-widget_type=\"text-editor.default\">\n\t\t\t\t\t\t\t\t\t<h2>\u0421\u0438\u0441\u0442\u0435\u043c\u0430 \u043d\u0435 \u0440\u0430\u0437\u0431\u0438\u0440\u0430\u0435\u0442 \u0440\u043e\u0434\u044b \u0434\u0435\u044f\u0442\u0435\u043b\u044c\u043d\u043e\u0441\u0442\u0438<\/h2>\t\t\t\t\t\t\t\t<\/div>\n\t\t\t\t<div class=\"elementor-element elementor-element-11f1116 elementor-widget elementor-widget-text-editor\" data-id=\"11f1116\" data-element_type=\"widget\" data-e-type=\"widget\" data-widget_type=\"text-editor.default\">\n\t\t\t\t\t\t\t\t\t<h6>\u0410\u0440\u0445\u0438\u0442\u0435\u043a\u0442\u0443\u0440\u0430 SEO \u0434\u043b\u044f \u0432\u0441\u0435\u0445 \u043e\u0434\u0438\u043d\u0430\u043a\u043e\u0432\u0430!<br data-start=\"1021\" data-end=\"1024\" \/>\u0424\u0438\u043d\u0430\u043d\u0441\u044b, \u043c\u0435\u0434\u0438\u0446\u0438\u043d\u0430 \u0438\u043b\u0438 \u0441\u0442\u0440\u043e\u0438\u0442\u0435\u043b\u044c\u0441\u0442\u0432\u043e \u2014 \u0441\u0438\u0441\u0442\u0435\u043c\u0430 \u0440\u0430\u0431\u043e\u0442\u0430\u0435\u0442 \u0441 \u043e\u0434\u0438\u043d\u0430\u043a\u043e\u0432\u043e\u0439 \u0442\u043e\u0447\u043d\u043e\u0441\u0442\u044c\u044e.<br data-start=\"1095\" data-end=\"1098\" \/>\u0420\u0430\u0437\u043d\u0438\u0446\u0430 \u043b\u0438\u0448\u044c \u0432 \u0442\u043e\u043c, \u043d\u0430\u0441\u043a\u043e\u043b\u044c\u043a\u043e \u0442\u0449\u0430\u0442\u0435\u043b\u044c\u043d\u043e \u043c\u044b \u0435\u0435 \u043d\u0430\u0441\u0442\u0440\u0430\u0438\u0432\u0430\u0435\u043c.<\/h6>\t\t\t\t\t\t\t\t<\/div>\n\t\t\t\t<div class=\"elementor-element elementor-element-cd75fa4 elementor-widget__width-initial elementor-widget elementor-widget-text-editor\" data-id=\"cd75fa4\" data-element_type=\"widget\" data-e-type=\"widget\" data-widget_type=\"text-editor.default\">\n\t\t\t\t\t\t\t\t\t<p data-start=\"2546\" data-end=\"2581\"><strong data-start=\"2546\" data-end=\"2581\">\u041d\u0435 \u043f\u0443\u0441\u0442\u044b\u0435 \u043e\u0431\u0435\u0449\u0430\u043d\u0438\u044f, \u0430 \u0440\u0435\u0437\u0443\u043b\u044c\u0442\u0430\u0442\u044b<\/strong><\/p><p data-start=\"2583\" data-end=\"2659\">\u0411\u043b\u0430\u0433\u043e\u0434\u0430\u0440\u044f \u0440\u0435\u043e\u0440\u0433\u0430\u043d\u0438\u0437\u0430\u0446\u0438\u0438 \u0441\u0438\u0441\u0442\u0435\u043c\u044b \u0438 \u043e\u043f\u0442\u0438\u043c\u0438\u0437\u0430\u0446\u0438\u0438 \u0434\u043b\u044f \u043f\u043e\u0438\u0441\u043a\u043e\u0432\u044b\u0445 \u0441\u0438\u0441\u0442\u0435\u043c \u0432\u0438\u0434\u0438\u043c\u043e\u0441\u0442\u044c \u043d\u0430\u0447\u0430\u043b\u0430 \u0440\u0430\u0441\u0442\u0438 \u0443\u0436\u0435 \u0432 \u043f\u0435\u0440\u0432\u044b\u0435 \u043d\u0435\u0441\u043a\u043e\u043b\u044c\u043a\u043e \u043d\u0435\u0434\u0435\u043b\u044c.<\/p><ul data-start=\"2661\" data-end=\"2773\"><li data-section-id=\"15xgfxf\" data-start=\"2661\" data-end=\"2693\"><strong data-start=\"2663\" data-end=\"2677\">\u041f\u043e\u0437\u0438\u0446\u0438\u0438:<\/strong> \u041f\u043e\u0437\u0438\u0446\u0438\u0438: \u043e\u0442 5,5 \u0434\u043e 4<\/li><li data-section-id=\"ybeecb\" data-start=\"2694\" data-end=\"2728\"><strong data-start=\"2696\" data-end=\"2710\">\u0412\u0438\u0434\u0438\u043c\u043e\u0441\u0442\u044c:<\/strong> \u0412\u0438\u0434\u0438\u043c\u043e\u0441\u0442\u044c: +92% \u043f\u043e\u043a\u0430\u0437\u043e\u0432<\/li><li data-section-id=\"lx46io\" data-start=\"2729\" data-end=\"2773\"><strong data-start=\"2731\" data-end=\"2739\">CTR:<\/strong> 9% (\u0432\u044b\u0441\u043e\u043a\u0430\u044f \u0440\u0435\u043b\u0435\u0432\u0430\u043d\u0442\u043d\u043e\u0441\u0442\u044c \u043f\u043e\u0438\u0441\u043a\u043e\u0432\u043e\u043c\u0443 \u0437\u0430\u043f\u0440\u043e\u0441\u0443)<\/li><\/ul><p data-start=\"2775\" data-end=\"2830\">\u042d\u0442\u043e \u043d\u0435 \u0441\u043b\u0443\u0447\u0430\u0439\u043d\u044b\u0435 \u0440\u0435\u0437\u0443\u043b\u044c\u0442\u0430\u0442\u044b.<br data-start=\"2801\" data-end=\"2804\" \/>\u042d\u0442\u043e \u0441\u0438\u0441\u0442\u0435\u043c\u0430, \u043a\u043e\u0442\u043e\u0440\u0430\u044f \u0440\u0430\u0431\u043e\u0442\u0430\u0435\u0442.<\/p><p data-start=\"2832\" data-end=\"2885\">\ud83d\udc49 <strong>\u0412\u044b\u044f\u0441\u043d\u0438\u0442\u0435, \u0432 \u043a\u0430\u043a\u0438\u0445 \u043c\u0435\u0441\u0442\u0430\u0445 \u0432\u0430\u0448 \u0431\u0438\u0437\u043d\u0435\u0441 \u0442\u0435\u0440\u044f\u0435\u0442 \u043a\u043b\u0438\u0435\u043d\u0442\u043e\u0432.<\/strong><\/p>\t\t\t\t\t\t\t\t<\/div>\n\t\t\t\t<div class=\"elementor-element elementor-element-db547f9 elementor-widget elementor-widget-text-editor\" data-id=\"db547f9\" data-element_type=\"widget\" data-e-type=\"widget\" data-widget_type=\"text-editor.default\">\n\t\t\t\t\t\t\t\t\t<p><strong><span style=\"text-decoration: underline;\">\u0424\u0438\u043d\u0430\u043d\u0441\u043e\u0432\u044b\u0439 \u0441\u0435\u043a\u0442\u043e\u0440 \u201cDebtCollection\u201d<\/span><\/strong><\/p>\t\t\t\t\t\t\t\t<\/div>\n\t\t\t\t<div class=\"elementor-element elementor-element-be0af00 elementor-widget__width-initial elementor-widget elementor-widget-image\" data-id=\"be0af00\" data-element_type=\"widget\" data-e-type=\"widget\" data-widget_type=\"image.default\">\n\t\t\t\t\t\t\t\t\t\t\t\t\t\t\t\t<a href=\"https:\/\/flightverse.lv\/wp-content\/uploads\/2026\/04\/debtcollection_sc.webp\" data-elementor-open-lightbox=\"yes\" data-elementor-lightbox-title=\"debtcollection_sc\" data-e-action-hash=\"#elementor-action%3Aaction%3Dlightbox%26settings%3DeyJpZCI6MTkxOSwidXJsIjoiaHR0cHM6XC9cL2ZsaWdodHZlcnNlLmx2XC93cC1jb250ZW50XC91cGxvYWRzXC8yMDI2XC8wNFwvZGVidGNvbGxlY3Rpb25fc2Mud2VicCJ9\">\n\t\t\t\t\t\t\t<img fetchpriority=\"high\" decoding=\"async\" width=\"1920\" height=\"1080\" src=\"https:\/\/flightverse.lv\/wp-content\/uploads\/2026\/04\/debtcollection_sc.webp\" class=\"attachment-full size-full wp-image-1919\" alt=\"DebtCollection\" srcset=\"https:\/\/flightverse.lv\/wp-content\/uploads\/2026\/04\/debtcollection_sc.webp 1920w, https:\/\/flightverse.lv\/wp-content\/uploads\/2026\/04\/debtcollection_sc-300x169.webp 300w, https:\/\/flightverse.lv\/wp-content\/uploads\/2026\/04\/debtcollection_sc-1024x576.webp 1024w, https:\/\/flightverse.lv\/wp-content\/uploads\/2026\/04\/debtcollection_sc-768x432.webp 768w, https:\/\/flightverse.lv\/wp-content\/uploads\/2026\/04\/debtcollection_sc-1536x864.webp 1536w\" sizes=\"(max-width: 1920px) 100vw, 1920px\" \/>\t\t\t\t\t\t\t\t<\/a>\n\t\t\t\t\t\t\t\t\t\t\t\t\t\t\t<\/div>\n\t\t\t\t<div class=\"elementor-element elementor-element-f7cb97a elementor-widget__width-initial elementor-widget elementor-widget-image\" data-id=\"f7cb97a\" data-element_type=\"widget\" data-e-type=\"widget\" data-widget_type=\"image.default\">\n\t\t\t\t\t\t\t\t\t\t\t\t\t\t\t\t<a href=\"https:\/\/flightverse.lv\/wp-content\/uploads\/2026\/04\/debtcollection.webp\" data-elementor-open-lightbox=\"yes\" data-elementor-lightbox-title=\"debtcollection\" data-e-action-hash=\"#elementor-action%3Aaction%3Dlightbox%26settings%3DeyJpZCI6MTg5NCwidXJsIjoiaHR0cHM6XC9cL2ZsaWdodHZlcnNlLmx2XC93cC1jb250ZW50XC91cGxvYWRzXC8yMDI2XC8wNFwvZGVidGNvbGxlY3Rpb24ud2VicCJ9\">\n\t\t\t\t\t\t\t<img decoding=\"async\" width=\"2048\" height=\"1033\" src=\"https:\/\/flightverse.lv\/wp-content\/uploads\/2026\/04\/debtcollection.webp\" class=\"attachment-full size-full wp-image-1894\" alt=\"DC_Google_position_1\" srcset=\"https:\/\/flightverse.lv\/wp-content\/uploads\/2026\/04\/debtcollection.webp 2048w, https:\/\/flightverse.lv\/wp-content\/uploads\/2026\/04\/debtcollection-300x151.webp 300w, https:\/\/flightverse.lv\/wp-content\/uploads\/2026\/04\/debtcollection-1024x517.webp 1024w, https:\/\/flightverse.lv\/wp-content\/uploads\/2026\/04\/debtcollection-768x387.webp 768w, https:\/\/flightverse.lv\/wp-content\/uploads\/2026\/04\/debtcollection-1536x775.webp 1536w\" sizes=\"(max-width: 2048px) 100vw, 2048px\" \/>\t\t\t\t\t\t\t\t<\/a>\n\t\t\t\t\t\t\t\t\t\t\t\t\t\t\t<\/div>\n\t\t<div class=\"elementor-element elementor-element-e907b6e e-flex e-con-boxed e-con e-child\" data-id=\"e907b6e\" data-element_type=\"container\" data-e-type=\"container\">\n\t\t\t\t\t<div class=\"e-con-inner\">\n\t\t\t\t<div class=\"elementor-element elementor-element-01891db elementor-absolute elementor-widget elementor-widget-text-editor\" data-id=\"01891db\" data-element_type=\"widget\" data-e-type=\"widget\" data-settings=\"{&quot;_position&quot;:&quot;absolute&quot;}\" data-widget_type=\"text-editor.default\">\n\t\t\t\t\t\t\t\t\t<p><span style=\"text-decoration: underline;\"><strong>\u0421\u043b\u0443\u0436\u0431\u0430 \u0441\u043e\u0446\u0438\u0430\u043b\u044c\u043d\u043e\u0439 \u0440\u0435\u0430\u0431\u0438\u043b\u0438\u0442\u0430\u0446\u0438\u0438 \u201cNovaVita\u201d<\/strong><\/span>.<\/p>\t\t\t\t\t\t\t\t<\/div>\n\t\t\t\t<div class=\"elementor-element elementor-element-a50b3ce elementor-absolute elementor-widget elementor-widget-text-editor\" data-id=\"a50b3ce\" data-element_type=\"widget\" data-e-type=\"widget\" data-settings=\"{&quot;_position&quot;:&quot;absolute&quot;}\" data-widget_type=\"text-editor.default\">\n\t\t\t\t\t\t\t\t\t<p><span style=\"text-decoration: underline;\"><span class=\"moze-gigantic\">\u0427\u0438\u0441\u0442\u043e\u0442\u0430, \u043a\u043e\u0442\u043e\u0440\u043e\u0439<\/span>\u00a0<span class=\"Apple-converted-space moze-gigantic\">\u00a0\u043c\u043e\u0436\u043d\u043e \u0434\u043e\u0432\u0435\u0440\u044f\u0442\u044c - \"R.A.I. Serviss\"<\/span><\/span><\/p>\t\t\t\t\t\t\t\t<\/div>\n\t\t\t\t\t<\/div>\n\t\t\t\t<\/div>\n\t\t\t\t<div class=\"elementor-element elementor-element-3b45b0b elementor-widget__width-initial elementor-widget elementor-widget-image\" data-id=\"3b45b0b\" data-element_type=\"widget\" data-e-type=\"widget\" data-widget_type=\"image.default\">\n\t\t\t\t\t\t\t\t\t\t\t\t\t\t\t\t<a href=\"https:\/\/flightverse.lv\/wp-content\/uploads\/2026\/04\/novavita.webp\" data-elementor-open-lightbox=\"yes\" data-elementor-lightbox-title=\"novavita\" data-e-action-hash=\"#elementor-action%3Aaction%3Dlightbox%26settings%3DeyJpZCI6MTk5NywidXJsIjoiaHR0cHM6XC9cL2ZsaWdodHZlcnNlLmx2XC93cC1jb250ZW50XC91cGxvYWRzXC8yMDI2XC8wNFwvbm92YXZpdGEud2VicCJ9\">\n\t\t\t\t\t\t\t<img decoding=\"async\" width=\"1920\" height=\"1080\" src=\"https:\/\/flightverse.lv\/wp-content\/uploads\/2026\/04\/novavita.webp\" class=\"attachment-full size-full wp-image-1997\" alt=\"Rehabilitacijas centrs atkarigajiem\" srcset=\"https:\/\/flightverse.lv\/wp-content\/uploads\/2026\/04\/novavita.webp 1920w, https:\/\/flightverse.lv\/wp-content\/uploads\/2026\/04\/novavita-300x169.webp 300w, https:\/\/flightverse.lv\/wp-content\/uploads\/2026\/04\/novavita-1024x576.webp 1024w, https:\/\/flightverse.lv\/wp-content\/uploads\/2026\/04\/novavita-768x432.webp 768w, https:\/\/flightverse.lv\/wp-content\/uploads\/2026\/04\/novavita-1536x864.webp 1536w\" sizes=\"(max-width: 1920px) 100vw, 1920px\" \/>\t\t\t\t\t\t\t\t<\/a>\n\t\t\t\t\t\t\t\t\t\t\t\t\t\t\t<\/div>\n\t\t\t\t<div class=\"elementor-element elementor-element-dd78f9e elementor-widget__width-initial elementor-widget elementor-widget-image\" data-id=\"dd78f9e\" data-element_type=\"widget\" data-e-type=\"widget\" data-widget_type=\"image.default\">\n\t\t\t\t\t\t\t\t\t\t\t\t\t\t\t\t<a href=\"https:\/\/flightverse.lv\/wp-content\/uploads\/2026\/04\/rai_serviss.webp\" data-elementor-open-lightbox=\"yes\" data-elementor-lightbox-title=\"rai_serviss\" data-e-action-hash=\"#elementor-action%3Aaction%3Dlightbox%26settings%3DeyJpZCI6MTk5OSwidXJsIjoiaHR0cHM6XC9cL2ZsaWdodHZlcnNlLmx2XC93cC1jb250ZW50XC91cGxvYWRzXC8yMDI2XC8wNFwvcmFpX3NlcnZpc3Mud2VicCJ9\">\n\t\t\t\t\t\t\t<img loading=\"lazy\" decoding=\"async\" width=\"1920\" height=\"1080\" src=\"https:\/\/flightverse.lv\/wp-content\/uploads\/2026\/04\/rai_serviss.webp\" class=\"attachment-full size-full wp-image-1999\" alt=\"Paligstradnieki celtnieciba\" srcset=\"https:\/\/flightverse.lv\/wp-content\/uploads\/2026\/04\/rai_serviss.webp 1920w, https:\/\/flightverse.lv\/wp-content\/uploads\/2026\/04\/rai_serviss-300x169.webp 300w, https:\/\/flightverse.lv\/wp-content\/uploads\/2026\/04\/rai_serviss-1024x576.webp 1024w, https:\/\/flightverse.lv\/wp-content\/uploads\/2026\/04\/rai_serviss-768x432.webp 768w, https:\/\/flightverse.lv\/wp-content\/uploads\/2026\/04\/rai_serviss-1536x864.webp 1536w\" sizes=\"(max-width: 1920px) 100vw, 1920px\" \/>\t\t\t\t\t\t\t\t<\/a>\n\t\t\t\t\t\t\t\t\t\t\t\t\t\t\t<\/div>\n\t\t\t\t<div class=\"elementor-element elementor-element-dfab667 elementor-widget__width-initial elementor-widget elementor-widget-image\" data-id=\"dfab667\" data-element_type=\"widget\" data-e-type=\"widget\" data-widget_type=\"image.default\">\n\t\t\t\t\t\t\t\t\t\t\t\t\t\t\t\t<a href=\"https:\/\/flightverse.lv\/wp-content\/uploads\/2026\/04\/trueband.webp\" data-elementor-open-lightbox=\"yes\" data-elementor-lightbox-title=\"trueband\" data-e-action-hash=\"#elementor-action%3Aaction%3Dlightbox%26settings%3DeyJpZCI6MjAxNiwidXJsIjoiaHR0cHM6XC9cL2ZsaWdodHZlcnNlLmx2XC93cC1jb250ZW50XC91cGxvYWRzXC8yMDI2XC8wNFwvdHJ1ZWJhbmQud2VicCJ9\">\n\t\t\t\t\t\t\t<img loading=\"lazy\" decoding=\"async\" width=\"1000\" height=\"667\" src=\"https:\/\/flightverse.lv\/wp-content\/uploads\/2026\/04\/trueband.webp\" class=\"attachment-full size-full wp-image-2016\" alt=\"Precizitate\" srcset=\"https:\/\/flightverse.lv\/wp-content\/uploads\/2026\/04\/trueband.webp 1000w, https:\/\/flightverse.lv\/wp-content\/uploads\/2026\/04\/trueband-300x200.webp 300w, https:\/\/flightverse.lv\/wp-content\/uploads\/2026\/04\/trueband-768x512.webp 768w\" sizes=\"(max-width: 1000px) 100vw, 1000px\" \/>\t\t\t\t\t\t\t\t<\/a>\n\t\t\t\t\t\t\t\t\t\t\t\t\t\t\t<\/div>\n\t\t\t\t<div class=\"elementor-element elementor-element-a8bc33e elementor-widget elementor-widget-text-editor\" data-id=\"a8bc33e\" data-element_type=\"widget\" data-e-type=\"widget\" data-widget_type=\"text-editor.default\">\n\t\t\t\t\t\t\t\t\t<h3>\u0412\u0430\u0448\u0430 \u043f\u043e\u0431\u0435\u0434\u0430 \u043d\u0430\u0447\u0438\u043d\u0430\u0435\u0442\u0441\u044f \u0441 \u043f\u0440\u0430\u0432\u0438\u043b\u044c\u043d\u043e\u0439 \u0430\u0440\u0445\u0438\u0442\u0435\u043a\u0442\u0443\u0440\u044b.<\/h3>\t\t\t\t\t\t\t\t<\/div>\n\t\t\t\t<div class=\"elementor-element elementor-element-94a16cf elementor-skin-coverflow elementor-widget__width-initial animated-slow elementor-widget-tablet__width-initial elementor-arrows-yes elementor-pagination-type-bullets elementor-pagination-position-outside elementor-invisible elementor-widget elementor-widget-media-carousel\" data-id=\"94a16cf\" data-element_type=\"widget\" data-e-type=\"widget\" data-settings=\"{&quot;skin&quot;:&quot;coverflow&quot;,&quot;slides_per_view&quot;:&quot;3&quot;,&quot;space_between&quot;:{&quot;unit&quot;:&quot;px&quot;,&quot;size&quot;:0,&quot;sizes&quot;:[]},&quot;_animation&quot;:&quot;fadeIn&quot;,&quot;_animation_delay&quot;:500,&quot;slides_per_view_mobile&quot;:&quot;3&quot;,&quot;slides_to_scroll_mobile&quot;:&quot;3&quot;,&quot;slides_per_view_tablet&quot;:&quot;3&quot;,&quot;slides_to_scroll_tablet&quot;:&quot;1&quot;,&quot;slides_to_scroll&quot;:&quot;1&quot;,&quot;show_arrows&quot;:&quot;yes&quot;,&quot;pagination&quot;:&quot;bullets&quot;,&quot;speed&quot;:500,&quot;loop&quot;:&quot;yes&quot;,&quot;space_between_tablet&quot;:{&quot;unit&quot;:&quot;px&quot;,&quot;size&quot;:10,&quot;sizes&quot;:[]},&quot;space_between_mobile&quot;:{&quot;unit&quot;:&quot;px&quot;,&quot;size&quot;:10,&quot;sizes&quot;:[]}}\" data-widget_type=\"media-carousel.default\">\n\t\t\t\t\t\t\t\t\t\t<div class=\"elementor-main-swiper swiper\" role=\"region\" aria-roledescription=\"carousel\" aria-label=\"Menu\">\n\t\t\t\t<div class=\"swiper-wrapper\">\n\t\t\t\t\t\t\t\t\t\t\t<div class=\"swiper-slide\" role=\"group\" aria-roledescription=\"slide\">\n\t\t\t\t\t\t\t<a href=\"https:\/\/flightverse.lv\/ru\/seo-celojums\/\">\t\t<div class=\"elementor-carousel-image\" role=\"img\" aria-label=\"SEO Audits\" style=\"background-image: url(&#039;https:\/\/flightverse.lv\/wp-content\/uploads\/2026\/04\/compas-carousel.webp&#039;)\">\n\n\t\t\t\n\t\t\t\t\t<\/div>\n\t\t\t\t\t<div class=\"elementor-carousel-image-overlay e-overlay-animation-zoom-in\">\n\t\t\t\t\u0410\u043d\u0430\u043b\u0438\u0437 \u0441\u0438\u0441\u0442\u0435\u043c\u044b\t\t\t<\/div>\n\t\t\t<\/a>\t\t\t\t\t\t<\/div>\n\t\t\t\t\t\t\t\t\t\t\t<div class=\"swiper-slide\" role=\"group\" aria-roledescription=\"slide\">\n\t\t\t\t\t\t\t<a href=\"https:\/\/flightverse.lv\/ru\/\">\t\t<div class=\"elementor-carousel-image\" role=\"img\" aria-label=\"Landing\" style=\"background-image: url(&#039;https:\/\/flightverse.lv\/wp-content\/uploads\/2026\/04\/landing_optimized.webp&#039;)\">\n\n\t\t\t\n\t\t\t\t\t<\/div>\n\t\t\t\t\t<div class=\"elementor-carousel-image-overlay e-overlay-animation-zoom-in\">\n\t\t\t\t\u0412 \u043d\u0430\u0447\u0430\u043b\u043e\t\t\t<\/div>\n\t\t\t<\/a>\t\t\t\t\t\t<\/div>\n\t\t\t\t\t\t\t\t\t\t\t<div class=\"swiper-slide\" role=\"group\" aria-roledescription=\"slide\">\n\t\t\t\t\t\t\t<a href=\"https:\/\/flightverse.lv\/ru\/sistemas-jauda-skaitlos\/\">\t\t<div class=\"elementor-carousel-image\" role=\"img\" aria-label=\"Lidojum SEO Visum\u0101\" style=\"background-image: url(&#039;https:\/\/flightverse.lv\/wp-content\/uploads\/2026\/04\/karusel-earth.webp&#039;)\">\n\n\t\t\t\n\t\t\t\t\t<\/div>\n\t\t\t\t\t<div class=\"elementor-carousel-image-overlay e-overlay-animation-zoom-in\">\n\t\t\t\t\u0420\u0435\u0430\u043b\u044c\u043d\u044b\u0435 \u0440\u0435\u0437\u0443\u043b\u044c\u0442\u0430\u0442\u044b\t\t\t<\/div>\n\t\t\t<\/a>\t\t\t\t\t\t<\/div>\n\t\t\t\t\t\t\t\t\t\t\t<div class=\"swiper-slide\" role=\"group\" aria-roledescription=\"slide\">\n\t\t\t\t\t\t\t<a href=\"https:\/\/flightverse.lv\/ru\/portfolio\/\">\t\t<div class=\"elementor-carousel-image\" role=\"img\" aria-label=\"About Me\" style=\"background-image: url(&#039;https:\/\/flightverse.lv\/wp-content\/uploads\/2026\/04\/portfilio_carousel.webp&#039;)\">\n\n\t\t\t\n\t\t\t\t\t<\/div>\n\t\t\t\t\t<div class=\"elementor-carousel-image-overlay e-overlay-animation-zoom-in\">\n\t\t\t\t\u041f\u0440\u043e \u043c\u0435\u043d\u044f\t\t\t<\/div>\n\t\t\t<\/a>\t\t\t\t\t\t<\/div>\n\t\t\t\t\t\t\t\t\t\t\t<div class=\"swiper-slide\" role=\"group\" aria-roledescription=\"slide\">\n\t\t\t\t\t\t\t<a href=\"https:\/\/flightverse.lv\/ru\/fix-my-business-sh\/\">\t\t<div class=\"elementor-carousel-image\" role=\"img\" aria-label=\"Optimiz\u0101cijas pieteikums\" style=\"background-image: url(&#039;https:\/\/flightverse.lv\/wp-content\/uploads\/2026\/04\/seo-carousel-final.webp&#039;)\">\n\n\t\t\t\n\t\t\t\t\t<\/div>\n\t\t\t\t\t<div class=\"elementor-carousel-image-overlay e-overlay-animation-zoom-in\">\n\t\t\t\t\u041d\u0430\u0447\u0430\u043b\u043e \u043e\u043f\u0442\u0438\u043c\u0438\u0437\u0430\u0446\u0438\u0438\t\t\t<\/div>\n\t\t\t<\/a>\t\t\t\t\t\t<\/div>\n\t\t\t\t\t\t\t\t\t<\/div>\n\t\t\t\t\t\t\t\t\t\t\t\t\t\t\t<div class=\"elementor-swiper-button elementor-swiper-button-prev\" role=\"button\" tabindex=\"0\" aria-label=\"\u041f\u0440\u0435\u0434\u044b\u0434\u0443\u0449\u0430\u044f\">\n\t\t\t\t\t\t\t<svg aria-hidden=\"true\" class=\"e-font-icon-svg e-eicon-chevron-left\" viewbox=\"0 0 1000 1000\" xmlns=\"http:\/\/www.w3.org\/2000\/svg\"><path d=\"M646 125C629 125 613 133 604 142L308 442C296 454 292 471 292 487 292 504 296 521 308 533L604 854C617 867 629 875 646 875 663 875 679 871 692 858 704 846 713 829 713 812 713 796 708 779 692 767L438 487 692 225C700 217 708 204 708 187 708 171 704 154 692 142 675 129 663 125 646 125Z\"><\/path><\/svg>\t\t\t\t\t\t<\/div>\n\t\t\t\t\t\t<div class=\"elementor-swiper-button elementor-swiper-button-next\" role=\"button\" tabindex=\"0\" aria-label=\"\u0421\u043b\u0435\u0434\u0443\u044e\u0449\u0430\u044f\">\n\t\t\t\t\t\t\t<svg aria-hidden=\"true\" class=\"e-font-icon-svg e-eicon-chevron-right\" viewbox=\"0 0 1000 1000\" xmlns=\"http:\/\/www.w3.org\/2000\/svg\"><path d=\"M696 533C708 521 713 504 713 487 713 471 708 454 696 446L400 146C388 133 375 125 354 125 338 125 325 129 313 142 300 154 292 171 292 187 292 204 296 221 308 233L563 492 304 771C292 783 288 800 288 817 288 833 296 850 308 863 321 871 338 875 354 875 371 875 388 867 400 854L696 533Z\"><\/path><\/svg>\t\t\t\t\t\t<\/div>\n\t\t\t\t\t\t\t\t\t\t\t\t\t\t\t\t<div class=\"swiper-pagination\"><\/div>\n\t\t\t\t\t\t\t\t\t\t\t\t<\/div>\n\t\t\t\t\t\t\t\t<\/div>\n\t\t\t\t<\/div>\n\t\t\t\t<\/div>","protected":false},"excerpt":{"rendered":"<p>Re\u0101li rezult\u0101ti, nevis sol\u012bjumi Sist\u0113mas jauda da\u017e\u0101d\u0101s nozar\u0113s SEO arhitekt\u016bra ne\u0161\u0137iro nozares.Finanses, medic\u012bna vai b\u016bvniec\u012bba \u2014 sist\u0113ma darbojas vien\u0101di prec\u012bzi.At\u0161\u0137ir\u012bba ir tikai taj\u0101, cik t\u0101lu m\u0113s to noska\u0146ojam. Re\u0101li rezult\u0101ti, nevis sol\u012bjumi P\u0101rk\u0101rtojot sist\u0113mu un SEO pieeju, redzam\u012bba s\u0101ka augt jau pirmaj\u0101s ned\u0113\u013c\u0101s. Poz\u012bcijas: no 5.5 uz 4 Redzam\u012bba: +92% impresij\u0101s CTR: 9% (augsta atbilst\u012bba [&hellip;]<\/p>\n","protected":false},"author":1,"featured_media":0,"parent":0,"menu_order":0,"comment_status":"closed","ping_status":"closed","template":"","meta":{"footnotes":""},"class_list":["post-1735","page","type-page","status-publish","hentry"],"_links":{"self":[{"href":"https:\/\/flightverse.lv\/ru\/wp-json\/wp\/v2\/pages\/1735","targetHints":{"allow":["GET"]}}],"collection":[{"href":"https:\/\/flightverse.lv\/ru\/wp-json\/wp\/v2\/pages"}],"about":[{"href":"https:\/\/flightverse.lv\/ru\/wp-json\/wp\/v2\/types\/page"}],"author":[{"embeddable":true,"href":"https:\/\/flightverse.lv\/ru\/wp-json\/wp\/v2\/users\/1"}],"replies":[{"embeddable":true,"href":"https:\/\/flightverse.lv\/ru\/wp-json\/wp\/v2\/comments?post=1735"}],"version-history":[{"count":349,"href":"https:\/\/flightverse.lv\/ru\/wp-json\/wp\/v2\/pages\/1735\/revisions"}],"predecessor-version":[{"id":2580,"href":"https:\/\/flightverse.lv\/ru\/wp-json\/wp\/v2\/pages\/1735\/revisions\/2580"}],"wp:attachment":[{"href":"https:\/\/flightverse.lv\/ru\/wp-json\/wp\/v2\/media?parent=1735"}],"curies":[{"name":"wp","href":"https:\/\/api.w.org\/{rel}","templated":true}]}}