{"id":1219,"date":"2026-04-17T11:17:41","date_gmt":"2026-04-17T08:17:41","guid":{"rendered":"https:\/\/flightverse.lv\/?page_id=1219"},"modified":"2026-04-27T08:33:49","modified_gmt":"2026-04-27T05:33:49","slug":"seo-celojums","status":"publish","type":"page","link":"https:\/\/flightverse.lv\/ru\/seo-celojums\/","title":{"rendered":"SEO celojums"},"content":{"rendered":"<div data-elementor-type=\"wp-page\" data-elementor-id=\"1219\" class=\"elementor elementor-1219\" data-elementor-post-type=\"page\">\n\t\t\t\t<div class=\"elementor-element elementor-element-45a4272 e-con-full e-flex e-con e-parent\" data-id=\"45a4272\" data-element_type=\"container\" data-e-type=\"container\" data-settings=\"{&quot;background_background&quot;:&quot;classic&quot;}\">\n\t\t\t\t<div class=\"elementor-element elementor-element-29bb8be elementor-widget elementor-widget-heading\" data-id=\"29bb8be\" data-element_type=\"widget\" data-e-type=\"widget\" data-widget_type=\"heading.default\">\n\t\t\t\t\t<h1 class=\"elementor-heading-title elementor-size-default\">\u041e\u0442 \u043f\u043e\u043b\u0435\u0442\u0430 \u043a \u0441\u0438\u0441\u0442\u0435\u043c\u0435<\/h1>\t\t\t\t<\/div>\n\t\t\t\t<div class=\"elementor-element elementor-element-1535c6e elementor-widget__width-initial elementor-widget elementor-widget-text-editor\" data-id=\"1535c6e\" data-element_type=\"widget\" data-e-type=\"widget\" data-widget_type=\"text-editor.default\">\n\t\t\t\t\t\t\t\t\t<h3 class=\"western\">\u2615 <span style=\"font-family: Google Sans, sans-serif;\">\u042d\u0422\u041e \u041d\u0415 \u0414\u041b\u042f \u0412\u0421\u0415\u0425<\/span><\/h3><p><a name=\"p-rc_45590282a41d6d4d-146\"><\/a><span style=\"font-family: Google Sans Text, sans-serif;\">\u042d\u0442\u043e \u043d\u0435 \u043f\u0440\u043e\u0441\u0442\u043e \u0442\u0435\u043a\u0441\u0442 \u043e\u0431 SEO. \u042d\u0442\u043e \u043c\u043e\u0439 \u043e\u0431\u0440\u0430\u0437 \u043c\u044b\u0448\u043b\u0435\u043d\u0438\u044f. \u041d\u0435 \u0432\u0441\u0435 \u0435\u0433\u043e \u043f\u043e\u0439\u043c\u0443\u0442, \u0438 \u044d\u0442\u043e \u043d\u043e\u0440\u043c\u0430\u043b\u044c\u043d\u043e, \u043f\u043e\u0442\u043e\u043c\u0443 \u0447\u0442\u043e \u044f \u0440\u0430\u0431\u043e\u0442\u0430\u044e \u043d\u0435 \u0434\u043b\u044f \u0432\u0441\u0435\u0445 \u2014 \u044f \u0440\u0430\u0431\u043e\u0442\u0430\u044e \u0434\u043b\u044f \u0442\u0435\u0445, \u043a\u0442\u043e \u0445\u043e\u0447\u0435\u0442 \u0431\u043e\u043b\u044c\u0448\u0435\u0433\u043e, \u0447\u0435\u043c \u00ab\u043f\u0440\u043e\u0441\u0442\u043e \u0441\u0442\u0440\u0430\u043d\u0438\u0446\u0430 \u0432 Google\u00bb. \u042f \u043d\u0435 SEO-\u0430\u0433\u0435\u043d\u0442\u0441\u0442\u0432\u043e; \u044f \u043d\u0435 \u043f\u0440\u043e\u0434\u0430\u044e \u0430\u0443\u0434\u0438\u0442\u044b \u0438\u043b\u0438 \u0434\u043e\u0440\u043e\u0433\u0438\u0435 \u043e\u0442\u0447\u0435\u0442\u044b. \u042f \u0440\u0435\u0448\u0430\u044e \u043e\u0434\u043d\u0443 \u0437\u0430\u0434\u0430\u0447\u0443: <b>\u043a\u0430\u043a \u043f\u0440\u0438\u0432\u043b\u0435\u043a\u0430\u0442\u044c \u043a\u043b\u0438\u0435\u043d\u0442\u043e\u0432, \u043d\u0435 \u0442\u0440\u0430\u0442\u044f \u0431\u044e\u0434\u0436\u0435\u0442 \u0437\u0430 \u043a\u043b\u0438\u043a\u0438 \u043f\u043e \u0440\u0435\u043a\u043b\u0430\u043c\u0435<\/b>.<\/span><\/p><hr \/><h3 class=\"western\">\ud83c\udf0c <span style=\"font-family: Google Sans, sans-serif;\">SEO \u2014 \u044d\u0442\u043e \u043d\u0435 \u0442\u043e\u043b\u044c\u043a\u043e \u043f\u043e\u0437\u0438\u0446\u0438\u0438 \u0432 \u043f\u043e\u0438\u0441\u043a\u043e\u0432\u043e\u0439 \u0432\u044b\u0434\u0430\u0447\u0435.<\/span><\/h3><p>\u042d\u0442\u043e \u0441\u0438\u0441\u0442\u0435\u043c\u0430, \u043a\u043e\u0442\u043e\u0440\u0430\u044f \u0433\u0435\u043d\u0435\u0440\u0438\u0440\u0443\u0435\u0442 \u0441\u043f\u0440\u043e\u0441.<\/p><p><a name=\"p-rc_45590282a41d6d4d-147\"><\/a><span style=\"font-family: Google Sans Text, sans-serif;\">\u041f\u0443\u0442\u044c SEO \u0432 \u0446\u0438\u0444\u0440\u043e\u0432\u043e\u043c \u043c\u0438\u0440\u0435 \u2014 \u044d\u0442\u043e \u043d\u0435 \u043a\u043e\u0440\u043e\u0442\u043a\u043e\u0435 \u0440\u0430\u0441\u0441\u0442\u043e\u044f\u043d\u0438\u0435, \u0430 \u0446\u0435\u043b\u0435\u043d\u0430\u043f\u0440\u0430\u0432\u043b\u0435\u043d\u043d\u044b\u0439 \u043f\u043e\u043b\u0435\u0442 \u043a \u0434\u0430\u043b\u0435\u043a\u0438\u043c \u0433\u043e\u0440\u0438\u0437\u043e\u043d\u0442\u0430\u043c. \u041c\u044b \u043d\u0435 \u043f\u0440\u043e\u0441\u0442\u043e \u0441\u043b\u0435\u0434\u0443\u0435\u043c \u0437\u0430 \u0437\u0432\u0435\u0437\u0434\u0430\u043c\u0438 (\u0430\u043b\u0433\u043e\u0440\u0438\u0442\u043c\u0430\u043c\u0438), \u0430 \u0441\u0430\u043c\u0438 \u0441\u0442\u0430\u043d\u043e\u0432\u0438\u043c\u0441\u044f \u0441\u0430\u043c\u044b\u043c \u044f\u0440\u043a\u0438\u043c \u043e\u0431\u044a\u0435\u043a\u0442\u043e\u043c \u043d\u0430 \u043f\u043e\u0438\u0441\u043a\u043e\u0432\u043e\u043c \u043d\u0435\u0431\u043e\u0441\u043a\u043b\u043e\u043d\u0435. SEO \u2014 \u044d\u0442\u043e \u0438\u0441\u043a\u0443\u0441\u0441\u0442\u0432\u043e, \u0433\u0434\u0435 \u0446\u0438\u0444\u0440\u044b \u043f\u0440\u0435\u0432\u0440\u0430\u0449\u0430\u044e\u0442\u0441\u044f \u0432 \u0446\u0432\u0435\u0442\u0430, \u0430 \u0434\u0430\u043d\u043d\u044b\u0435 \u2014 \u0432 \u0445\u043e\u043b\u0441\u0442 \u0432 \u0440\u0443\u043a\u0430\u0445 \u043c\u0430\u0441\u0442\u0435\u0440\u0430.<\/span><\/p><p><a name=\"p-rc_45590282a41d6d4d-148\"><\/a><span style=\"font-family: Google Sans Text, sans-serif;\">\u0415\u0441\u043b\u0438 \u0434\u0435\u043b\u0430\u0442\u044c \u044d\u0442\u043e \u043f\u043e\u0432\u0435\u0440\u0445\u043d\u043e\u0441\u0442\u043d\u043e, \u0442\u043e \u0438\u0441\u0447\u0435\u0437\u043d\u0435\u0448\u044c. \u0415\u0441\u043b\u0438 \u0436\u0435 \u0434\u0435\u043b\u0430\u0442\u044c \u044d\u0442\u043e \u0443\u043c\u043d\u043e, \u0442\u043e \u0434\u043e\u043c\u0438\u043d\u0438\u0440\u0443\u0435\u0448\u044c. \u042d\u0442\u043e \u043f\u0440\u043e\u0446\u0435\u0441\u0441, \u0432 \u0445\u043e\u0434\u0435 \u043a\u043e\u0442\u043e\u0440\u043e\u0433\u043e \u0432\u044b \u0432\u044b\u0441\u0442\u0440\u0430\u0438\u0432\u0430\u0435\u0442\u0435 \u0441\u0442\u0440\u0443\u043a\u0442\u0443\u0440\u0443, \u0443\u0442\u0432\u0435\u0440\u0436\u0434\u0430\u0435\u0442\u0435 \u0430\u0432\u0442\u043e\u0440\u0438\u0442\u0435\u0442 \u0438 \u0441\u0442\u0430\u043d\u043e\u0432\u0438\u0442\u0435\u0441\u044c \u0437\u0430\u043c\u0435\u0442\u043d\u044b\u043c \u0438\u0433\u0440\u043e\u043a\u043e\u043c \u0432 \u0441\u0432\u043e\u0435\u0439 \u043d\u0438\u0448\u0435.<\/span><\/p><hr \/><h3 class=\"western\">\u2694\ufe0f <span style=\"font-family: Google Sans, sans-serif;\">\u041e\u0440\u0433\u0430\u043d\u0438\u0447\u0435\u0441\u043a\u0430\u044f \u0441\u0438\u043b\u0430 \u043f\u0440\u043e\u0442\u0438\u0432 \u0437\u0430\u0432\u0438\u0441\u0438\u043c\u043e\u0441\u0442\u0438 \u043e\u0442 \u0440\u0435\u043a\u043b\u0430\u043c\u044b<\/span><\/h3><p><a name=\"p-rc_45590282a41d6d4d-149\"><\/a><span style=\"font-family: Google Sans Text, sans-serif;\">\u0414\u0430, \u0432\u044b \u043c\u043e\u0436\u0435\u0442\u0435 \u043a\u0443\u043f\u0438\u0442\u044c \u0442\u0440\u0430\u0444\u0438\u043a \u0447\u0435\u0440\u0435\u0437 Google ADS. \u041d\u043e \u0440\u0435\u0430\u043b\u044c\u043d\u043e\u0441\u0442\u044c \u0441\u0443\u0440\u043e\u0432\u0430: \u043a\u0430\u043a \u0442\u043e\u043b\u044c\u043a\u043e \u0432\u044b \u043f\u0435\u0440\u0435\u0441\u0442\u0430\u0451\u0442\u0435 \u043f\u043b\u0430\u0442\u0438\u0442\u044c, \u0432\u0441\u0451 \u043e\u0441\u0442\u0430\u043d\u0430\u0432\u043b\u0438\u0432\u0430\u0435\u0442\u0441\u044f. \u0412\u0430\u0448 \u043a\u043e\u0448\u0435\u043b\u0451\u043a \u043e\u043f\u0443\u0441\u0442\u043e\u0448\u0430\u0435\u0442\u0441\u044f, \u0438 \u0432\u044b \u0432\u043e\u0437\u0432\u0440\u0430\u0449\u0430\u0435\u0442\u0435\u0441\u044c \u043a \u0442\u043e\u043c\u0443, \u0441 \u0447\u0435\u0433\u043e \u043d\u0430\u0447\u0430\u043b\u0438.<\/span><\/p><p><a name=\"p-rc_45590282a41d6d4d-150\"><\/a><span style=\"font-family: Google Sans Text, sans-serif;\">\u042f \u043d\u0435 \u043f\u0440\u043e\u0442\u0438\u0432 \u0440\u0435\u043a\u043b\u0430\u043c\u044b, \u044f \u043f\u0440\u043e\u0442\u0438\u0432 \u0437\u0430\u0432\u0438\u0441\u0438\u043c\u043e\u0441\u0442\u0438. \u041e\u0440\u0433\u0430\u043d\u0438\u0447\u0435\u0441\u043a\u0438\u0439 \u0442\u0440\u0430\u0444\u0438\u043a \u0440\u0430\u0431\u043e\u0442\u0430\u0435\u0442 \u043f\u043e-\u0434\u0440\u0443\u0433\u043e\u043c\u0443:<\/span><\/p><ul><li><p><a name=\"p-rc_45590282a41d6d4d-151\"><\/a> <span style=\"font-family: Google Sans Text, sans-serif;\">\u041e\u043d\u043e \u0440\u0430\u0437\u0432\u0438\u0432\u0430\u0435\u0442\u0441\u044f \u0441\u043e \u0432\u0440\u0435\u043c\u0435\u043d\u0435\u043c \u0438 \u043d\u0435 \u043e\u0441\u0442\u0430\u043d\u0430\u0432\u043b\u0438\u0432\u0430\u0435\u0442\u0441\u044f.<\/span><\/p><\/li><li><p><a name=\"p-rc_45590282a41d6d4d-152\"><\/a> <span style=\"font-family: Google Sans Text, sans-serif;\">\u042d\u0442\u043e \u0441\u0442\u0430\u043d\u0435\u0442 \u0446\u0435\u043d\u043d\u044b\u043c \u0430\u043a\u0442\u0438\u0432\u043e\u043c \u0434\u043b\u044f \u0432\u0430\u0448\u0435\u0439 \u043a\u043e\u043c\u043f\u0430\u043d\u0438\u0438.<\/span><\/p><\/li><li><p><a name=\"p-rc_45590282a41d6d4d-153\"><\/a> <span style=\"font-family: Google Sans Text, sans-serif;\">\u041e\u043d\u043e \u043d\u0430\u0445\u043e\u0434\u0438\u0442 \u0442\u0435 \u00ab\u043c\u0430\u043b\u0435\u043d\u044c\u043a\u0438\u0435 \u0434\u044b\u0440\u044b\u00bb, \u043a\u043e\u0442\u043e\u0440\u044b\u0435 \u0434\u0440\u0443\u0433\u0438\u0435 \u043d\u0435 \u0437\u0430\u043c\u0435\u0447\u0430\u044e\u0442, \u043e\u0431\u0435\u0441\u043f\u0435\u0447\u0438\u0432\u0430\u044f \u0432\u0430\u0448\u0435 \u043f\u0440\u0438\u0441\u0443\u0442\u0441\u0442\u0432\u0438\u0435 \u0434\u0430\u0436\u0435 \u0442\u043e\u0433\u0434\u0430, \u043a\u043e\u0433\u0434\u0430 \u0443 \u0434\u0440\u0443\u0433\u0438\u0445 \u0437\u0430\u043a\u0430\u043d\u0447\u0438\u0432\u0430\u044e\u0442\u0441\u044f \u0434\u0435\u043d\u044c\u0433\u0438.<\/span><\/p><\/li><\/ul><hr \/><h3 class=\"western\">\ud83c\udfaf <span style=\"font-family: Google Sans, sans-serif;\">\u041c\u041e\u0419 \u041f\u041e\u0414\u0425\u041e\u0414 - \u0421\u0418\u0421\u0422\u0415\u041c\u0410, \u0410 \u200b\u200b\u041d\u0415 \u0414\u0415\u041a\u041e\u0420<\/span><\/h3><p><a name=\"p-rc_45590282a41d6d4d-154\"><\/a><span style=\"font-family: Google Sans Text, sans-serif;\">\u0411\u043e\u043b\u044c\u0448\u0438\u043d\u0441\u0442\u0432\u043e SEO-\u0441\u043f\u0435\u0446\u0438\u0430\u043b\u0438\u0441\u0442\u043e\u0432 \u043d\u0430 \u0440\u044b\u043d\u043a\u0435 \u2014 \u044d\u0442\u043e \u043f\u0440\u043e\u0441\u0442\u043e \u0443\u043a\u0440\u0430\u0448\u0435\u043d\u0438\u0435: \u043e\u043d\u0438 \u043f\u0438\u0448\u0443\u0442 \u0442\u0435\u043a\u0441\u0442\u044b, \u043a\u043e\u0442\u043e\u0440\u044b\u0435 \u043d\u0438\u043a\u0442\u043e \u043d\u0435 \u0447\u0438\u0442\u0430\u0435\u0442, \u0438 \u043f\u043e\u0434\u0431\u0438\u0440\u0430\u044e\u0442 \u00ab\u043a\u043b\u044e\u0447\u0435\u0432\u044b\u0435 \u0441\u043b\u043e\u0432\u0430\u00bb, \u043a\u043e\u0442\u043e\u0440\u044b\u0435 \u043d\u0438\u0447\u0435\u0433\u043e \u043d\u0435 \u043c\u0435\u043d\u044f\u044e\u0442 \u0434\u043b\u044f \u0431\u0438\u0437\u043d\u0435\u0441\u0430. \u042f \u0436\u0435 \u043c\u044b\u0441\u043b\u044e \u043d\u0435 \u043a\u0430\u043a \u0442\u0438\u043f\u0438\u0447\u043d\u044b\u0439 SEO-\u0441\u043f\u0435\u0446\u0438\u0430\u043b\u0438\u0441\u0442. \u042f \u0441\u043c\u043e\u0442\u0440\u044e \u043d\u0435 \u0442\u043e\u043b\u044c\u043a\u043e \u043d\u0430 \u043f\u043e\u0437\u0438\u0446\u0438\u0438; \u044f \u0441\u043c\u043e\u0442\u0440\u044e \u043d\u0430 <b>\u0441\u0438\u0441\u0442\u0435\u043c\u0443 \u0432 \u0446\u0435\u043b\u043e\u043c<\/b>.<\/span><\/p><p><span style=\"font-family: Google Sans Text, sans-serif;\"><b>\u041a\u0430\u043a \u044f \u0440\u0430\u0431\u043e\u0442\u0430\u044e:<\/b><\/span><\/p><ol><li><p><a name=\"p-rc_45590282a41d6d4d-155\"><\/a> <span style=\"font-family: Google Sans Text, sans-serif;\"><b>\u041d\u0430\u0439\u0442\u0438 \u0441\u0432\u043e\u044e \u043d\u0438\u0448\u0443:<\/b> \u044f \u043d\u0430\u0445\u043e\u0436\u0443 \u0442\u043e, \u0447\u0442\u043e \u0434\u0440\u0443\u0433\u0438\u0435 \u0438\u0433\u043d\u043e\u0440\u0438\u0440\u0443\u044e\u0442.<\/span><\/p><\/li><li><p><a name=\"p-rc_45590282a41d6d4d-156\"><\/a> <span style=\"font-family: Google Sans Text, sans-serif;\"><b>\u0421\u043e\u0437\u0434\u0430\u043d\u0438\u0435 \u0441\u0442\u0440\u0443\u043a\u0442\u0443\u0440\u044b:<\/b> \u043d\u0435 \u043e\u0434\u043d\u0430 \u0441\u0442\u0440\u0430\u043d\u0438\u0446\u0430, \u0430 \u043d\u0435\u0441\u043a\u043e\u043b\u044c\u043a\u043e \u0441\u0442\u0440\u0430\u043d\u0438\u0446, \u043a\u043e\u0442\u043e\u0440\u044b\u0435 \u0444\u0443\u043d\u043a\u0446\u0438\u043e\u043d\u0438\u0440\u0443\u044e\u0442 \u043a\u0430\u043a \u0435\u0434\u0438\u043d\u0430\u044f \u0441\u0435\u0442\u044c.<\/span><\/p><\/li><li><p><a name=\"p-rc_45590282a41d6d4d-157\"><\/a> <span style=\"font-family: Google Sans Text, sans-serif;\"><b>\u0423\u043a\u0440\u0435\u043f\u043b\u0435\u043d\u0438\u0435 \u0430\u0432\u0442\u043e\u0440\u0438\u0442\u0435\u0442\u0430:<\/b> Google \u043d\u0430\u0447\u0438\u043d\u0430\u0435\u0442 \u0432\u043e\u0441\u043f\u0440\u0438\u043d\u0438\u043c\u0430\u0442\u044c \u0432\u0430\u0441 \u043a\u0430\u043a \u043c\u0435\u0441\u0442\u043e, \u0433\u0434\u0435 \u043c\u043e\u0436\u043d\u043e \u043d\u0430\u0439\u0442\u0438 \u0432\u0441\u0435 \u043e\u0442\u0432\u0435\u0442\u044b.<\/span><\/p><\/li><\/ol><p><a name=\"p-rc_45590282a41d6d4d-158\"><\/a><span style=\"font-family: Google Sans Text, sans-serif;\">\u0426\u0435\u043b\u044c \u0441\u043e\u0441\u0442\u043e\u0438\u0442 \u043d\u0435 \u0432 \u043e\u0434\u043d\u043e\u0439 \u043f\u043e\u0437\u0438\u0446\u0438\u0438, \u0430 \u0432 \u043a\u043e\u043d\u0442\u0440\u043e\u043b\u0435 \u043d\u0430\u0434 \u0432\u0441\u0435\u0439 \u043d\u0438\u0448\u0435\u0439. \u0427\u0435\u043b\u043e\u0432\u0435\u043a \u0432\u0432\u043e\u0434\u0438\u0442 \u0437\u0430\u043f\u0440\u043e\u0441 \u0432 Google \u0438 \u0432\u0438\u0434\u0438\u0442 \u0432\u0430\u0441 \u043d\u0435\u0441\u043a\u043e\u043b\u044c\u043a\u043e \u0440\u0430\u0437 \u2014 \u0442\u0430\u043a \u0441\u0442\u0440\u043e\u0438\u0442\u0441\u044f \u0434\u043e\u0432\u0435\u0440\u0438\u0435 \u0438 \u043f\u0440\u043e\u0438\u0441\u0445\u043e\u0434\u044f\u0442 \u043f\u0440\u043e\u0434\u0430\u0436\u0438.<\/span><\/p><hr \/><h3 class=\"western\">\ud83e\udde0 <span style=\"font-family: Google Sans, sans-serif;\">\u0420\u0415\u0410\u041b\u042c\u041d\u041e\u0421\u0422\u042c: \u041d\u0418\u041a\u0410\u041a\u0418\u0425 \u00ab\u041b\u041e\u0416\u041d\u042b\u0425\u00bb \u041e\u0411\u0415\u0429\u0410\u041d\u0418\u0419.<\/span><\/h3><p><a name=\"p-rc_45590282a41d6d4d-159\"><\/a><span style=\"font-family: Google Sans Text, sans-serif;\">SEO \u2014 \u044d\u0442\u043e \u043d\u0435 \u0431\u044b\u0441\u0442\u0440\u044b\u0439 \u043f\u0440\u043e\u0446\u0435\u0441\u0441, \u0438 \u043d\u0438\u043a\u0430\u043a\u0438\u0445 \u00ab\u0441\u0435\u043a\u0440\u0435\u0442\u043d\u044b\u0445 \u0442\u0440\u044e\u043a\u043e\u0432\u00bb \u043d\u0435 \u0441\u0443\u0449\u0435\u0441\u0442\u0432\u0443\u0435\u0442. \u0415\u0441\u043b\u0438 \u043a\u0442\u043e-\u0442\u043e \u043e\u0431\u0435\u0449\u0430\u0435\u0442 \u0447\u0443\u0434\u0435\u0441\u0430 \u0437\u0430 2 \u043d\u0435\u0434\u0435\u043b\u0438, \u043e\u043d \u043b\u0438\u0431\u043e \u043d\u0435 \u043f\u043e\u043d\u0438\u043c\u0430\u0435\u0442, \u043b\u0438\u0431\u043e \u043b\u0436\u0435\u0442. SEO \u0442\u0440\u0435\u0431\u0443\u0435\u0442 \u0432\u0440\u0435\u043c\u0435\u043d\u0438, \u043f\u043e\u0441\u043b\u0435\u0434\u043e\u0432\u0430\u0442\u0435\u043b\u044c\u043d\u043e\u0441\u0442\u0438 \u0438 \u043e\u0431\u0434\u0443\u043c\u0430\u043d\u043d\u043e\u0433\u043e \u043f\u043e\u0434\u0445\u043e\u0434\u0430.<\/span><\/p><p><a name=\"p-rc_45590282a41d6d4d-160\"><\/a><span style=\"font-family: Google Sans Text, sans-serif;\">\u0411\u043e\u043b\u044c\u0448\u0438\u043d\u0441\u0442\u0432\u043e \u043a\u043e\u043c\u043f\u0430\u043d\u0438\u0439 \u0441\u043e\u0432\u0435\u0440\u0448\u0430\u044e\u0442 \u043e\u0448\u0438\u0431\u043a\u0443, \u0437\u0430\u044f\u0432\u043b\u044f\u044f: \u00ab\u0421 \u044d\u0442\u0438\u043c \u043f\u0440\u043e\u0435\u043a\u0442\u043e\u043c \u043f\u043e\u043a\u043e\u043d\u0447\u0435\u043d\u043e\u00bb. \u041a\u0430\u043a \u0442\u043e\u043b\u044c\u043a\u043e \u0432\u044b \u043e\u0442\u043f\u0443\u0441\u043a\u0430\u0435\u0442\u0435 \u0431\u0440\u0430\u0437\u0434\u044b \u043f\u0440\u0430\u0432\u043b\u0435\u043d\u0438\u044f \u0438 \u043f\u0435\u0440\u0435\u0441\u0442\u0430\u0451\u0442\u0435 \u043d\u0430\u043f\u043e\u043c\u0438\u043d\u0430\u0442\u044c Google \u043e \u0441\u0435\u0431\u0435, \u043d\u0435\u0438\u0437\u0431\u0435\u0436\u043d\u043e \u043d\u0430\u0447\u0438\u043d\u0430\u0435\u0442\u0441\u044f \u0443\u043f\u0430\u0434\u043e\u043a.<\/span><\/p><hr \/><h3 class=\"western\">\u2615 <span style=\"font-family: Google Sans, sans-serif;\">\u0417\u0410 \u0427\u0410\u0428\u041a\u041e\u0419 \u0423\u0422\u0420\u0415\u041d\u041d\u0415\u0413\u041e \u041a\u041e\u0424\u0415 \u041f\u041e\u0414\u0423\u041c\u0410\u0419 :<\/span><\/h3><ul><li><p><span style=\"font-family: Google Sans Text, sans-serif;\">\u042f \u0441\u0430\u043c \u043a\u043e\u043d\u0442\u0440\u043e\u043b\u0438\u0440\u0443\u044e \u0441\u0432\u043e\u0439 \u0442\u0440\u0430\u0444\u0438\u043a \u0438\u043b\u0438 \u043f\u0440\u043e\u0441\u0442\u043e \u0430\u0440\u0435\u043d\u0434\u0443\u044e \u0435\u0433\u043e \u0443 Google?<\/span><\/p><\/li><li><p><span style=\"font-family: Google Sans Text, sans-serif;\">\u042f \u0441\u043e\u0437\u0434\u0430\u044e \u0441\u0438\u0441\u0442\u0435\u043c\u0443, \u043a\u043e\u0442\u043e\u0440\u0430\u044f \u0431\u0443\u0434\u0435\u0442 \u0440\u0430\u0431\u043e\u0442\u0430\u0442\u044c \u0447\u0435\u0440\u0435\u0437 6 \u043c\u0435\u0441\u044f\u0446\u0435\u0432, \u0438\u043b\u0438 \u043f\u0440\u043e\u0441\u0442\u043e \u043f\u0440\u0435\u0434\u043f\u0440\u0438\u043d\u0438\u043c\u0430\u044e \u043a\u0440\u0430\u0442\u043a\u043e\u0441\u0440\u043e\u0447\u043d\u044b\u0435 \u0434\u0435\u0439\u0441\u0442\u0432\u0438\u044f?<\/span><\/p><\/li><li><p><span style=\"font-family: Google Sans Text, sans-serif;\">\u042f \u0437\u0430\u043d\u0438\u043c\u0430\u044e \u043b\u0438 \u043b\u0438\u0434\u0438\u0440\u0443\u044e\u0449\u0438\u0435 \u043f\u043e\u0437\u0438\u0446\u0438\u0438 \u0432 \u0441\u0432\u043e\u0435\u0439 \u043d\u0438\u0448\u0435 \u0438\u043b\u0438 \u043f\u0440\u043e\u0441\u0442\u043e \u0441\u0443\u0449\u0435\u0441\u0442\u0432\u0443\u044e \u0432 \u043d\u0435\u0439?<\/span><\/p><\/li><\/ul><p><span style=\"font-family: Google Sans Text, sans-serif;\"><b>\u0412\u044b \u043c\u043e\u0436\u0435\u0442\u0435 \u043f\u0440\u043e\u0434\u043e\u043b\u0436\u0430\u0442\u044c \u043f\u043b\u0430\u0442\u0438\u0442\u044c \u0437\u0430 \u043a\u043b\u0438\u043a, \u0438\u043b\u0438 \u0436\u0435 \u043d\u0430\u0447\u0430\u0442\u044c \u0441\u043e\u0437\u0434\u0430\u0432\u0430\u0442\u044c \u0441\u0438\u0441\u0442\u0435\u043c\u0443, \u043a\u043e\u0442\u043e\u0440\u0430\u044f \u0431\u0443\u0434\u0435\u0442 \u0440\u0430\u0431\u043e\u0442\u0430\u0442\u044c \u043d\u0430 \u0432\u0430\u0441. \u042f \u0432\u044b\u0431\u0438\u0440\u0430\u044e \u0432\u0442\u043e\u0440\u043e\u0439 \u0432\u0430\u0440\u0438\u0430\u043d\u0442.<\/b><\/span><\/p>\t\t\t\t\t\t\t\t<\/div>\n\t\t<div class=\"elementor-element elementor-element-7c53d48 e-flex e-con-boxed e-con e-child\" data-id=\"7c53d48\" data-element_type=\"container\" data-e-type=\"container\">\n\t\t\t\t\t<div class=\"e-con-inner\">\n\t\t\t\t<div class=\"elementor-element elementor-element-096d326 elementor-skin-coverflow elementor-widget__width-initial animated-slow elementor-absolute elementor-widget-tablet__width-initial elementor-arrows-yes elementor-pagination-type-bullets elementor-pagination-position-outside elementor-invisible elementor-widget elementor-widget-media-carousel\" data-id=\"096d326\" data-element_type=\"widget\" data-e-type=\"widget\" data-settings=\"{&quot;skin&quot;:&quot;coverflow&quot;,&quot;slides_per_view&quot;:&quot;3&quot;,&quot;slides_to_scroll&quot;:&quot;1&quot;,&quot;space_between&quot;:{&quot;unit&quot;:&quot;px&quot;,&quot;size&quot;:0,&quot;sizes&quot;:[]},&quot;_animation&quot;:&quot;fadeIn&quot;,&quot;_animation_delay&quot;:500,&quot;_position&quot;:&quot;absolute&quot;,&quot;slides_per_view_mobile&quot;:&quot;3&quot;,&quot;slides_to_scroll_mobile&quot;:&quot;3&quot;,&quot;slides_per_view_tablet&quot;:&quot;3&quot;,&quot;slides_to_scroll_tablet&quot;:&quot;1&quot;,&quot;show_arrows&quot;:&quot;yes&quot;,&quot;pagination&quot;:&quot;bullets&quot;,&quot;speed&quot;:500,&quot;loop&quot;:&quot;yes&quot;,&quot;space_between_tablet&quot;:{&quot;unit&quot;:&quot;px&quot;,&quot;size&quot;:10,&quot;sizes&quot;:[]},&quot;space_between_mobile&quot;:{&quot;unit&quot;:&quot;px&quot;,&quot;size&quot;:10,&quot;sizes&quot;:[]}}\" data-widget_type=\"media-carousel.default\">\n\t\t\t\t\t\t\t\t\t\t<div class=\"elementor-main-swiper swiper\" role=\"region\" aria-roledescription=\"carousel\" aria-label=\"Slides\">\n\t\t\t\t<div class=\"swiper-wrapper\">\n\t\t\t\t\t\t\t\t\t\t\t<div class=\"swiper-slide\" role=\"group\" aria-roledescription=\"slide\">\n\t\t\t\t\t\t\t<a href=\"https:\/\/flightverse.lv\/ru\/seo-celojums\/\">\t\t<div class=\"elementor-carousel-image\" role=\"img\" aria-label=\"SEO Audits\" style=\"background-image: url(&#039;https:\/\/flightverse.lv\/wp-content\/uploads\/2026\/04\/compas-carousel.webp&#039;)\">\n\n\t\t\t\n\t\t\t\t\t<\/div>\n\t\t\t\t\t<div class=\"elementor-carousel-image-overlay e-overlay-animation-fade\">\n\t\t\t\t\u0410\u043d\u0430\u043b\u0438\u0437 \u0441\u0438\u0441\u0442\u0435\u043c\u044b\t\t\t<\/div>\n\t\t\t<\/a>\t\t\t\t\t\t<\/div>\n\t\t\t\t\t\t\t\t\t\t\t<div class=\"swiper-slide\" role=\"group\" aria-roledescription=\"slide\">\n\t\t\t\t\t\t\t<a href=\"https:\/\/flightverse.lv\/ru\/\">\t\t<div class=\"elementor-carousel-image\" role=\"img\" aria-label=\"Landing\" style=\"background-image: url(&#039;https:\/\/flightverse.lv\/wp-content\/uploads\/2026\/04\/landing_optimized.webp&#039;)\">\n\n\t\t\t\n\t\t\t\t\t<\/div>\n\t\t\t\t\t<div class=\"elementor-carousel-image-overlay e-overlay-animation-fade\">\n\t\t\t\t\u0412 \u043d\u0430\u0447\u0430\u043b\u043e\t\t\t<\/div>\n\t\t\t<\/a>\t\t\t\t\t\t<\/div>\n\t\t\t\t\t\t\t\t\t\t\t<div class=\"swiper-slide\" role=\"group\" aria-roledescription=\"slide\">\n\t\t\t\t\t\t\t<a href=\"https:\/\/flightverse.lv\/ru\/sistemas-jauda-skaitlos\/\">\t\t<div class=\"elementor-carousel-image\" role=\"img\" aria-label=\"Lidojum SEO Visum\u0101\" style=\"background-image: url(&#039;https:\/\/flightverse.lv\/wp-content\/uploads\/2026\/04\/karusel-earth.webp&#039;)\">\n\n\t\t\t\n\t\t\t\t\t<\/div>\n\t\t\t\t\t<div class=\"elementor-carousel-image-overlay e-overlay-animation-fade\">\n\t\t\t\t\u0420\u0435\u0430\u043b\u044c\u043d\u044b\u0435 \u0440\u0435\u0437\u0443\u043b\u044c\u0442\u0430\u0442\u044b\t\t\t<\/div>\n\t\t\t<\/a>\t\t\t\t\t\t<\/div>\n\t\t\t\t\t\t\t\t\t\t\t<div class=\"swiper-slide\" role=\"group\" aria-roledescription=\"slide\">\n\t\t\t\t\t\t\t<a href=\"https:\/\/flightverse.lv\/ru\/portfolio\/\">\t\t<div class=\"elementor-carousel-image\" role=\"img\" aria-label=\"About Me\" style=\"background-image: url(&#039;https:\/\/flightverse.lv\/wp-content\/uploads\/2026\/04\/portfilio_carousel.webp&#039;)\">\n\n\t\t\t\n\t\t\t\t\t<\/div>\n\t\t\t\t\t<div class=\"elementor-carousel-image-overlay e-overlay-animation-fade\">\n\t\t\t\t\u041f\u0440\u043e \u043c\u0435\u043d\u044f\t\t\t<\/div>\n\t\t\t<\/a>\t\t\t\t\t\t<\/div>\n\t\t\t\t\t\t\t\t\t\t\t<div class=\"swiper-slide\" role=\"group\" aria-roledescription=\"slide\">\n\t\t\t\t\t\t\t<a href=\"https:\/\/flightverse.lv\/ru\/fix-my-business-sh\/\">\t\t<div class=\"elementor-carousel-image\" role=\"img\" aria-label=\"Optimiz\u0101cijas pieteikums\" style=\"background-image: url(&#039;https:\/\/flightverse.lv\/wp-content\/uploads\/2026\/04\/seo-carousel-final.webp&#039;)\">\n\n\t\t\t\n\t\t\t\t\t<\/div>\n\t\t\t\t\t<div class=\"elementor-carousel-image-overlay e-overlay-animation-fade\">\n\t\t\t\t\u041d\u0430\u0447\u0430\u043b\u043e \u043e\u043f\u0442\u0438\u043c\u0438\u0437\u0430\u0446\u0438\u0438\t\t\t<\/div>\n\t\t\t<\/a>\t\t\t\t\t\t<\/div>\n\t\t\t\t\t\t\t\t\t<\/div>\n\t\t\t\t\t\t\t\t\t\t\t\t\t\t\t<div class=\"elementor-swiper-button elementor-swiper-button-prev\" role=\"button\" tabindex=\"0\" aria-label=\"\u041f\u0440\u0435\u0434\u044b\u0434\u0443\u0449\u0430\u044f\">\n\t\t\t\t\t\t\t<svg aria-hidden=\"true\" class=\"e-font-icon-svg e-eicon-chevron-left\" viewbox=\"0 0 1000 1000\" xmlns=\"http:\/\/www.w3.org\/2000\/svg\"><path d=\"M646 125C629 125 613 133 604 142L308 442C296 454 292 471 292 487 292 504 296 521 308 533L604 854C617 867 629 875 646 875 663 875 679 871 692 858 704 846 713 829 713 812 713 796 708 779 692 767L438 487 692 225C700 217 708 204 708 187 708 171 704 154 692 142 675 129 663 125 646 125Z\"><\/path><\/svg>\t\t\t\t\t\t<\/div>\n\t\t\t\t\t\t<div class=\"elementor-swiper-button elementor-swiper-button-next\" role=\"button\" tabindex=\"0\" aria-label=\"\u0421\u043b\u0435\u0434\u0443\u044e\u0449\u0430\u044f\">\n\t\t\t\t\t\t\t<svg aria-hidden=\"true\" class=\"e-font-icon-svg e-eicon-chevron-right\" viewbox=\"0 0 1000 1000\" xmlns=\"http:\/\/www.w3.org\/2000\/svg\"><path d=\"M696 533C708 521 713 504 713 487 713 471 708 454 696 446L400 146C388 133 375 125 354 125 338 125 325 129 313 142 300 154 292 171 292 187 292 204 296 221 308 233L563 492 304 771C292 783 288 800 288 817 288 833 296 850 308 863 321 871 338 875 354 875 371 875 388 867 400 854L696 533Z\"><\/path><\/svg>\t\t\t\t\t\t<\/div>\n\t\t\t\t\t\t\t\t\t\t\t\t\t\t\t\t<div class=\"swiper-pagination\"><\/div>\n\t\t\t\t\t\t\t\t\t\t\t\t<\/div>\n\t\t\t\t\t\t\t\t<\/div>\n\t\t\t\t\t<\/div>\n\t\t\t\t<\/div>\n\t\t\t\t<\/div>\n\t\t\t\t<\/div>","protected":false},"excerpt":{"rendered":"<p>No lidojuma l\u012bdz sist\u0113mai \u2615 TAS NAV VISIEM \u0160is nav vienk\u0101r\u0161i teksts par SEO. \u0160is ir mans dom\u0101\u0161anas veids. Ne visi to saprat\u012bs, un tas ir labi, jo es nestr\u0101d\u0101ju visiem \u2014 es str\u0101d\u0101ju tiem, kas grib vair\u0101k nek\u0101 \u201cvienk\u0101r\u0161i lapu Google\u201d. Es neesmu SEO a\u0123ent\u016bra; es nep\u0101rdodu auditus vai dekorat\u012bvas atskaites. Es risinu vienu [&hellip;]<\/p>\n","protected":false},"author":1,"featured_media":0,"parent":0,"menu_order":0,"comment_status":"closed","ping_status":"closed","template":"","meta":{"footnotes":""},"class_list":["post-1219","page","type-page","status-publish","hentry"],"_links":{"self":[{"href":"https:\/\/flightverse.lv\/ru\/wp-json\/wp\/v2\/pages\/1219","targetHints":{"allow":["GET"]}}],"collection":[{"href":"https:\/\/flightverse.lv\/ru\/wp-json\/wp\/v2\/pages"}],"about":[{"href":"https:\/\/flightverse.lv\/ru\/wp-json\/wp\/v2\/types\/page"}],"author":[{"embeddable":true,"href":"https:\/\/flightverse.lv\/ru\/wp-json\/wp\/v2\/users\/1"}],"replies":[{"embeddable":true,"href":"https:\/\/flightverse.lv\/ru\/wp-json\/wp\/v2\/comments?post=1219"}],"version-history":[{"count":190,"href":"https:\/\/flightverse.lv\/ru\/wp-json\/wp\/v2\/pages\/1219\/revisions"}],"predecessor-version":[{"id":2511,"href":"https:\/\/flightverse.lv\/ru\/wp-json\/wp\/v2\/pages\/1219\/revisions\/2511"}],"wp:attachment":[{"href":"https:\/\/flightverse.lv\/ru\/wp-json\/wp\/v2\/media?parent=1219"}],"curies":[{"name":"wp","href":"https:\/\/api.w.org\/{rel}","templated":true}]}}